{"id":391,"date":"2024-04-22T11:06:04","date_gmt":"2024-04-22T11:06:04","guid":{"rendered":"https:\/\/www.desmotspourunevie.fr\/?page_id=391"},"modified":"2024-04-24T16:22:56","modified_gmt":"2024-04-24T16:22:56","slug":"mentions-legales","status":"publish","type":"page","link":"https:\/\/www.desmotspourunevie.fr\/index.php\/mentions-legales\/","title":{"rendered":"Mentions l\u00e9gales"},"content":{"rendered":"<p>[et_pb_section fb_built=\u00a0\u00bb1&Prime; _builder_version=\u00a0\u00bb4.24.3&Prime; _module_preset=\u00a0\u00bbdefault\u00a0\u00bb custom_padding=\u00a0\u00bb||68px|||\u00a0\u00bb global_colors_info=\u00a0\u00bb{}\u00a0\u00bb][et_pb_row admin_label=\u00a0\u00bbSection Title\u00a0\u00bb _builder_version=\u00a0\u00bb4.24.2&Prime; custom_margin=\u00a0\u00bb|auto|0px|auto|false|false\u00a0\u00bb custom_padding=\u00a0\u00bb||0px|\u00a0\u00bb global_colors_info=\u00a0\u00bb{}\u00a0\u00bb][et_pb_column type=\u00a0\u00bb4_4&Prime; _builder_version=\u00a0\u00bb4.16&Prime; custom_padding=\u00a0\u00bb|||\u00a0\u00bb global_colors_info=\u00a0\u00bb{}\u00a0\u00bb custom_padding__hover=\u00a0\u00bb|||\u00a0\u00bb][et_pb_post_title meta=\u00a0\u00bboff\u00a0\u00bb featured_image=\u00a0\u00bboff\u00a0\u00bb _builder_version=\u00a0\u00bb4.24.2&Prime; _module_preset=\u00a0\u00bbdefault\u00a0\u00bb title_font=\u00a0\u00bb|800|||||||\u00a0\u00bb title_font_size=\u00a0\u00bb60px\u00a0\u00bb title_line_height=\u00a0\u00bb0.8em\u00a0\u00bb custom_margin=\u00a0\u00bb8px||0px||false|false\u00a0\u00bb global_colors_info=\u00a0\u00bb{}\u00a0\u00bb][\/et_pb_post_title][et_pb_divider color=\u00a0\u00bb#F29502&Prime; divider_weight=\u00a0\u00bb4px\u00a0\u00bb _builder_version=\u00a0\u00bb4.24.2&Prime; _module_preset=\u00a0\u00bbdefault\u00a0\u00bb width=\u00a0\u00bb100%\u00a0\u00bb max_width=\u00a0\u00bb10%\u00a0\u00bb custom_margin=\u00a0\u00bb||0px||false|false\u00a0\u00bb custom_padding=\u00a0\u00bb||0px||false|false\u00a0\u00bb global_colors_info=\u00a0\u00bb{}\u00a0\u00bb][\/et_pb_divider][et_pb_divider show_divider=\u00a0\u00bboff\u00a0\u00bb _builder_version=\u00a0\u00bb4.16&Prime; max_width=\u00a0\u00bb23px\u00a0\u00bb module_alignment=\u00a0\u00bbcenter\u00a0\u00bb animation_style=\u00a0\u00bbslide\u00a0\u00bb animation_direction=\u00a0\u00bbtop\u00a0\u00bb animation_intensity_slide=\u00a0\u00bb20%\u00a0\u00bb animation_starting_opacity=\u00a0\u00bb100%\u00a0\u00bb global_colors_info=\u00a0\u00bb{}\u00a0\u00bb][\/et_pb_divider][et_pb_text _builder_version=\u00a0\u00bb4.25.0&Prime; _module_preset=\u00a0\u00bbdefault\u00a0\u00bb hover_enabled=\u00a0\u00bb0&Prime; global_colors_info=\u00a0\u00bb{}\u00a0\u00bb sticky_enabled=\u00a0\u00bb0&Prime;]<\/p>\n<p><strong>1. Pr\u00e9sentation du site internet.<\/strong><\/p>\n<p>En vertu de l\u2019article 6 de la loi n\u00b0 2004-575 du 21 juin 2004 pour la confiance dans l\u2019\u00e9conomie num\u00e9rique, il est pr\u00e9cis\u00e9 aux utilisateurs du site internet <a href=\"https:\/\/laconciergeriedelautomobileservices.fr\/\">desmotspourunevie.fr<\/a> \u00a0l\u2019identit\u00e9 des diff\u00e9rents intervenants dans le cadre de sa r\u00e9alisation et de son suivi:<\/p>\n<p><strong>Editeur du Site<\/strong>\u00a0:<br \/>Marl\u00e8ne Louisor : 1 R DES MARCASSINS 91710 VERT-LE-PETIT<\/p>\n<p>RCS : <span>Evry B 922 481 213<\/span><\/p>\n<p>Siret : 92248121300010<\/p>\n<p>Siren : 922481213<\/p>\n<p><strong>Directeur de la publication<\/strong> :Marl\u00e8ne Louisor<\/p>\n<p><span><a href=\"mailto:marlenelouisor@desmotspourunevie.fr\">Email<\/a><\/span><\/p>\n<p><strong>H\u00e9bergement du site<\/strong>\u00a0:<\/p>\n<p>Monarobase, SARL au capital de 1500 euros \u2013 Siret : 500 518 543 00029<\/p>\n<p>3 Avenue Ren\u00e9 La\u00ebnnec<br \/>72000 Le Mans<\/p>\n<p><strong>Cr\u00e9ation site web : <a href=\"https:\/\/btocom.fr\/\">BtoCom<\/a><\/strong><\/p>\n<p><strong><\/strong><\/p>\n<p><strong>2. Conditions g\u00e9n\u00e9rales d\u2019utilisation du site et des services propos\u00e9s.<\/strong><\/p>\n<p>Le Site constitue une \u0153uvre de l\u2019esprit prot\u00e9g\u00e9e par les dispositions du Code de la Propri\u00e9t\u00e9 Intellectuelle et des R\u00e9glementations Internationales applicables.<br \/>Le Client ne peut en aucune mani\u00e8re r\u00e9utiliser, c\u00e9der ou exploiter pour son propre compte tout ou partie des \u00e9l\u00e9ments ou travaux du Site.<\/p>\n<p>L\u2019utilisation du site <a href=\"https:\/\/www.desmotspourunevie.fr\">desmotspourunevie.fr<\/a> implique l\u2019acceptation pleine et enti\u00e8re des conditions g\u00e9n\u00e9rales d\u2019utilisation ci-apr\u00e8s d\u00e9crites. Ces conditions d\u2019utilisation sont susceptibles d\u2019\u00eatre modifi\u00e9es ou compl\u00e9t\u00e9es \u00e0 tout moment, les utilisateurs du site <a href=\"https:\/\/www.desmotspourunevie.fr\">desmotspourunevie.fr<\/a>\u00a0sont donc invit\u00e9s \u00e0 les consulter de mani\u00e8re r\u00e9guli\u00e8re.<\/p>\n<p>Ce site internet est normalement accessible \u00e0 tout moment aux utilisateurs. Une interruption pour raison de maintenance technique peut \u00eatre toutefois d\u00e9cid\u00e9e par <a href=\"https:\/\/www.desmotspourunevie.fr\">desmotspourunevie.fr<\/a>, qui s\u2019efforcera alors de communiquer pr\u00e9alablement aux utilisateurs les dates et heures de l\u2019intervention.<br \/>Le site web <a href=\"https:\/\/www.desmotspourunevie.fr\">desmotspourunevie.fr<\/a> est mis \u00e0 jour r\u00e9guli\u00e8rement par Marl\u00e8ne Louisor responsable. De la m\u00eame fa\u00e7on, les mentions l\u00e9gales peuvent \u00eatre modifi\u00e9es \u00e0 tout moment : elles s\u2019imposent n\u00e9anmoins \u00e0 l\u2019utilisateur qui est invit\u00e9 \u00e0 s\u2019y r\u00e9f\u00e9rer le plus souvent possible afin d\u2019en prendre connaissance.<\/p>\n<p><strong>3. Description des services fournis.<\/strong><\/p>\n<p>Le site internet <a href=\"https:\/\/www.desmotspourunevie.fr\">desmotspourunevie.fr<\/a><a href=\"https:\/\/monexpert.tech\/\"><\/a>\u00a0a pour objet de fournir une information concernant l\u2019ensemble des activit\u00e9s de la soci\u00e9t\u00e9.<br \/><a href=\"https:\/\/www.desmotspourunevie.fr\">desmotspourunevie.fr <\/a>s\u2019efforce de fournir sur son site\u00a0des informations aussi pr\u00e9cises que possible. Toutefois, il ne pourra \u00eatre tenu responsable des oublis, des inexactitudes et des carences dans la mise \u00e0 jour, qu\u2019elles soient de son fait ou du fait des tiers partenaires qui lui fournissent ces informations.<\/p>\n<p>Toutes les informations indiqu\u00e9es sur le site <a href=\"https:\/\/www.desmotspourunevie.fr\">desmotspourunevie.fr<\/a> sont donn\u00e9es \u00e0 titre indicatif, et sont susceptibles d\u2019\u00e9voluer. Par ailleurs, les renseignements figurant sur le site <a href=\"https:\/\/www.desmotspourunevie.fr\">desmotspourunevie.fr<\/a> ne sont pas exhaustifs. Ils sont donn\u00e9s sous r\u00e9serve de modifications ayant \u00e9t\u00e9 apport\u00e9es depuis leur mise en ligne.<\/p>\n<p><strong>4. Utilisation des donn\u00e9es personnelles collect\u00e9es<\/strong><strong><\/strong><\/p>\n<p><strong>4.1 Formulaires de contact<\/strong><\/p>\n<p><span>Dans le cadre de nos relations professionnelles, nous sommes amen\u00e9s \u00e0 collecter, traiter et d\u00e9tenir des informations vous concernant.<o:p><\/o:p><\/span><\/p>\n<p><span>Ces donn\u00e9es personnelles sont collect\u00e9es, selon le cas, sur des bases l\u00e9gales diff\u00e9rentes (votre consentement, la n\u00e9cessit\u00e9 contractuelle, le respect d\u2019une obligation l\u00e9gale et\/ou encore l\u2019int\u00e9r\u00eat l\u00e9gitime du Responsable de traitement).<o:p><\/o:p><\/span><\/p>\n<p><span>Les donn\u00e9es collect\u00e9es vous concernant seront conserv\u00e9es pendant toute la dur\u00e9e de nos relations contractuelles et ensuite en archive pendant un d\u00e9lai de cinq (5) ans, \u00e0 d\u00e9faut des d\u00e9lais plus courts ou plus longs sp\u00e9cialement pr\u00e9vus notamment en cas de litige.<o:p><\/o:p><\/span><\/p>\n<p><span>Vous disposez sur ces donn\u00e9es d\u2019un droit d\u2019acc\u00e8s, de rectification, et limitation, ainsi que d\u2019un droit d\u2019opposition et de portabilit\u00e9 conform\u00e9ment \u00e0 la loi. Si vous souhaitez exercer ces droits, vous pouvez nous contacter par\u00a0<a href=\"mailto:marlene@desmotspourunevie.fr\">email<\/a><a href=\"mailto:info@alternativepatrimoine.com\"><\/a><o:p><\/o:p><\/span><\/p>\n<p><span>Vous disposez \u00e9galement du droit d\u2019introduire une r\u00e9clamation aupr\u00e8s de la CNIL.<\/span><\/p>\n<p><strong>4.2 Contenu embarqu\u00e9 depuis d\u2019autres sites<\/strong><\/p>\n<p>Les articles de ce site peuvent inclure des contenus int\u00e9gr\u00e9s (par exemple des vid\u00e9os, images, articles\u2026). Le contenu int\u00e9gr\u00e9 depuis d\u2019autres sites se comporte de la m\u00eame mani\u00e8re que si le visiteur se rendait sur cet autre site.<\/p>\n<p>Ces sites web pourraient collecter des donn\u00e9es sur vous, utiliser des cookies, embarquer des outils de suivis tiers, suivre vos interactions avec ces contenus embarqu\u00e9s si vous disposez d\u2019un compte connect\u00e9 sur leur site web.<\/p>\n<p><strong>4.3 Propri\u00e9t\u00e9 intellectuelle<\/strong><\/p>\n<p>Tout le contenu du pr\u00e9sent sur le site, incluant, de fa\u00e7on non limitative, les graphismes, images, textes, vid\u00e9os, animations, sons, logos, gifs et ic\u00f4nes ainsi que leur mise en forme sont la propri\u00e9t\u00e9 exclusive de la soci\u00e9t\u00e9 \u00e0 l\u2019exception des marques, logos ou contenus appartenant \u00e0 d\u2019autres soci\u00e9t\u00e9s partenaires ou auteurs. Toute reproduction, distribution, modification, adaptation, retransmission ou publication, m\u00eame partielle, de ces diff\u00e9rents \u00e9l\u00e9ments est strictement interdite sans l\u2019accord expresse par \u00e9crit de <a href=\"https:\/\/www.desmotspourunevie.fr\">desmotspourunevie.fr<\/a>. Cette repr\u00e9sentation ou reproduction, par quelque proc\u00e9d\u00e9 que ce soit, constitue une contrefa\u00e7on sanctionn\u00e9e par les articles L.335-2 et suivants du Code de la propri\u00e9t\u00e9 intellectuelle. Le non-respect de cette interdiction constitue une contrefa\u00e7on pouvant engager la responsabilit\u00e9 civile et p\u00e9nale du contrefacteur.<\/p>\n<p>Tous les \u00e9l\u00e9ments cr\u00e9\u00e9s pour le site proviennent de Canva, ils sont prot\u00e9g\u00e9s par les droits de propri\u00e9t\u00e9 intellectuelle.<\/p>\n<div class=\"elementor-element elementor-element-6e758ff elementor-widget elementor-widget-heading\" data-id=\"6e758ff\" data-element_type=\"widget\" data-widget_type=\"heading.default\">\n<div class=\"elementor-widget-container\">\n<p class=\"elementor-heading-title elementor-size-default\"><strong>Cr\u00e9dits photos :<\/strong><\/p>\n<\/div>\n<\/div>\n<div class=\"elementor-element elementor-element-324ad30 elementor-widget elementor-widget-text-editor\" data-id=\"324ad30\" data-element_type=\"widget\" data-widget_type=\"text-editor.default\">\n<div class=\"elementor-widget-container\">\n<div class=\"elementor-text-editor elementor-clearfix\">\n<p>Sources des photos ou illustrations en ligne :<\/p>\n<ul>\n<li><a href=\"http:\/\/if-photographe.com\">Isabelle Ferrand Photograph<\/a><\/li>\n<li><a href=\"https:\/\/entremeletvous.fr\"><span>EntreMel &amp;Vous<\/span><\/a><\/li>\n<li>\n<div>Graf&rsquo;Air du Temps<\/div>\n<\/li>\n<\/ul>\n<\/div>\n<\/div>\n<\/div>\n<p><strong><\/strong><\/p>\n<p><strong>4.4 Litiges<\/strong><\/p>\n<p>Les pr\u00e9sentes conditions du site sont r\u00e9gies par les lois fran\u00e7aises et toute contestation ou litiges qui pourraient na\u00eetre de l\u2019interpr\u00e9tation ou de l\u2019ex\u00e9cution de celles-ci seront de la comp\u00e9tence exclusive des tribunaux dont d\u00e9pend le si\u00e8ge social de la soci\u00e9t\u00e9. La langue de r\u00e9f\u00e9rence, pour le r\u00e8glement de contentieux \u00e9ventuels, est le fran\u00e7ais.<\/p>\n<p>[\/et_pb_text][\/et_pb_column][\/et_pb_row][\/et_pb_section]<\/p>\n","protected":false},"excerpt":{"rendered":"<p>1. Pr\u00e9sentation du site internet. En vertu de l\u2019article 6 de la loi n\u00b0 2004-575 du 21 juin 2004 pour la confiance dans l\u2019\u00e9conomie num\u00e9rique, il est pr\u00e9cis\u00e9 aux utilisateurs du site internet desmotspourunevie.fr \u00a0l\u2019identit\u00e9 des diff\u00e9rents intervenants dans le cadre de sa r\u00e9alisation et de son suivi: Editeur du Site\u00a0:Marl\u00e8ne Louisor : 1 R DES MARCASSINS 91710 VERT-LE-PETIT RCS : Evry B 922 481 213 Siret : 92248121300010 Siren : 922481213 Directeur de la publication :Marl\u00e8ne Louisor Email H\u00e9bergement du site\u00a0: Monarobase, SARL au capital de 1500 euros \u2013 Siret : 500 518 543 00029 3 Avenue Ren\u00e9 La\u00ebnnec72000 Le Mans Cr\u00e9ation site web : BtoCom 2. Conditions g\u00e9n\u00e9rales d\u2019utilisation du site et des services propos\u00e9s. Le Site constitue une \u0153uvre de l\u2019esprit prot\u00e9g\u00e9e par les dispositions du Code de la Propri\u00e9t\u00e9 Intellectuelle et des R\u00e9glementations Internationales applicables.Le Client ne peut en aucune mani\u00e8re r\u00e9utiliser, c\u00e9der ou exploiter pour son propre compte tout ou partie des \u00e9l\u00e9ments ou travaux du Site. L\u2019utilisation du site desmotspourunevie.fr implique l\u2019acceptation pleine et enti\u00e8re des conditions g\u00e9n\u00e9rales d\u2019utilisation ci-apr\u00e8s d\u00e9crites. Ces conditions d\u2019utilisation sont susceptibles d\u2019\u00eatre modifi\u00e9es ou compl\u00e9t\u00e9es \u00e0 tout moment, les utilisateurs du site desmotspourunevie.fr\u00a0sont donc invit\u00e9s \u00e0 les consulter de [&hellip;]<\/p>\n","protected":false},"author":1,"featured_media":0,"parent":0,"menu_order":0,"comment_status":"closed","ping_status":"closed","template":"","meta":{"_et_pb_use_builder":"on","_et_pb_old_content":"","_et_gb_content_width":"","footnotes":""},"class_list":["post-391","page","type-page","status-publish","hentry"],"yoast_head":"<!-- This site is optimized with the Yoast SEO plugin v27.5 - https:\/\/yoast.com\/product\/yoast-seo-wordpress\/ -->\n<title>Mentions l\u00e9gales - Des mots pour une vie<\/title>\n<meta name=\"robots\" content=\"index, follow, max-snippet:-1, max-image-preview:large, max-video-preview:-1\" \/>\n<link rel=\"canonical\" href=\"https:\/\/www.desmotspourunevie.fr\/index.php\/mentions-legales\/\" \/>\n<meta property=\"og:locale\" content=\"fr_FR\" \/>\n<meta property=\"og:type\" content=\"article\" \/>\n<meta property=\"og:title\" content=\"Mentions l\u00e9gales - Des mots pour une vie\" \/>\n<meta property=\"og:description\" content=\"1. Pr\u00e9sentation du site internet. En vertu de l\u2019article 6 de la loi n\u00b0 2004-575 du 21 juin 2004 pour la confiance dans l\u2019\u00e9conomie num\u00e9rique, il est pr\u00e9cis\u00e9 aux utilisateurs du site internet desmotspourunevie.fr \u00a0l\u2019identit\u00e9 des diff\u00e9rents intervenants dans le cadre de sa r\u00e9alisation et de son suivi: Editeur du Site\u00a0:Marl\u00e8ne Louisor : 1 R DES MARCASSINS 91710 VERT-LE-PETIT RCS : Evry B 922 481 213 Siret : 92248121300010 Siren : 922481213 Directeur de la publication :Marl\u00e8ne Louisor Email H\u00e9bergement du site\u00a0: Monarobase, SARL au capital de 1500 euros \u2013 Siret : 500 518 543 00029 3 Avenue Ren\u00e9 La\u00ebnnec72000 Le Mans Cr\u00e9ation site web : BtoCom 2. Conditions g\u00e9n\u00e9rales d\u2019utilisation du site et des services propos\u00e9s. Le Site constitue une \u0153uvre de l\u2019esprit prot\u00e9g\u00e9e par les dispositions du Code de la Propri\u00e9t\u00e9 Intellectuelle et des R\u00e9glementations Internationales applicables.Le Client ne peut en aucune mani\u00e8re r\u00e9utiliser, c\u00e9der ou exploiter pour son propre compte tout ou partie des \u00e9l\u00e9ments ou travaux du Site. L\u2019utilisation du site desmotspourunevie.fr implique l\u2019acceptation pleine et enti\u00e8re des conditions g\u00e9n\u00e9rales d\u2019utilisation ci-apr\u00e8s d\u00e9crites. Ces conditions d\u2019utilisation sont susceptibles d\u2019\u00eatre modifi\u00e9es ou compl\u00e9t\u00e9es \u00e0 tout moment, les utilisateurs du site desmotspourunevie.fr\u00a0sont donc invit\u00e9s \u00e0 les consulter de [&hellip;]\" \/>\n<meta property=\"og:url\" content=\"https:\/\/www.desmotspourunevie.fr\/index.php\/mentions-legales\/\" \/>\n<meta property=\"og:site_name\" content=\"Des mots pour une vie\" \/>\n<meta property=\"article:modified_time\" content=\"2024-04-24T16:22:56+00:00\" \/>\n<meta name=\"twitter:card\" content=\"summary_large_image\" \/>\n<script type=\"application\/ld+json\" class=\"yoast-schema-graph\">{\"@context\":\"https:\\\/\\\/schema.org\",\"@graph\":[{\"@type\":\"WebPage\",\"@id\":\"https:\\\/\\\/www.desmotspourunevie.fr\\\/index.php\\\/mentions-legales\\\/\",\"url\":\"https:\\\/\\\/www.desmotspourunevie.fr\\\/index.php\\\/mentions-legales\\\/\",\"name\":\"Mentions l\u00e9gales - Des mots pour une vie\",\"isPartOf\":{\"@id\":\"https:\\\/\\\/www.desmotspourunevie.fr\\\/#website\"},\"datePublished\":\"2024-04-22T11:06:04+00:00\",\"dateModified\":\"2024-04-24T16:22:56+00:00\",\"breadcrumb\":{\"@id\":\"https:\\\/\\\/www.desmotspourunevie.fr\\\/index.php\\\/mentions-legales\\\/#breadcrumb\"},\"inLanguage\":\"fr-FR\",\"potentialAction\":[{\"@type\":\"ReadAction\",\"target\":[\"https:\\\/\\\/www.desmotspourunevie.fr\\\/index.php\\\/mentions-legales\\\/\"]}]},{\"@type\":\"BreadcrumbList\",\"@id\":\"https:\\\/\\\/www.desmotspourunevie.fr\\\/index.php\\\/mentions-legales\\\/#breadcrumb\",\"itemListElement\":[{\"@type\":\"ListItem\",\"position\":1,\"name\":\"Accueil\",\"item\":\"https:\\\/\\\/www.desmotspourunevie.fr\\\/\"},{\"@type\":\"ListItem\",\"position\":2,\"name\":\"Mentions l\u00e9gales\"}]},{\"@type\":\"WebSite\",\"@id\":\"https:\\\/\\\/www.desmotspourunevie.fr\\\/#website\",\"url\":\"https:\\\/\\\/www.desmotspourunevie.fr\\\/\",\"name\":\"Des mots pour une vie\",\"description\":\"Conf&eacute;renci&egrave;re - &Eacute;crivaine - Biographe\",\"potentialAction\":[{\"@type\":\"SearchAction\",\"target\":{\"@type\":\"EntryPoint\",\"urlTemplate\":\"https:\\\/\\\/www.desmotspourunevie.fr\\\/?s={search_term_string}\"},\"query-input\":{\"@type\":\"PropertyValueSpecification\",\"valueRequired\":true,\"valueName\":\"search_term_string\"}}],\"inLanguage\":\"fr-FR\"}]}<\/script>\n<!-- \/ Yoast SEO plugin. -->","yoast_head_json":{"title":"Mentions l\u00e9gales - Des mots pour une vie","robots":{"index":"index","follow":"follow","max-snippet":"max-snippet:-1","max-image-preview":"max-image-preview:large","max-video-preview":"max-video-preview:-1"},"canonical":"https:\/\/www.desmotspourunevie.fr\/index.php\/mentions-legales\/","og_locale":"fr_FR","og_type":"article","og_title":"Mentions l\u00e9gales - Des mots pour une vie","og_description":"1. Pr\u00e9sentation du site internet. En vertu de l\u2019article 6 de la loi n\u00b0 2004-575 du 21 juin 2004 pour la confiance dans l\u2019\u00e9conomie num\u00e9rique, il est pr\u00e9cis\u00e9 aux utilisateurs du site internet desmotspourunevie.fr \u00a0l\u2019identit\u00e9 des diff\u00e9rents intervenants dans le cadre de sa r\u00e9alisation et de son suivi: Editeur du Site\u00a0:Marl\u00e8ne Louisor : 1 R DES MARCASSINS 91710 VERT-LE-PETIT RCS : Evry B 922 481 213 Siret : 92248121300010 Siren : 922481213 Directeur de la publication :Marl\u00e8ne Louisor Email H\u00e9bergement du site\u00a0: Monarobase, SARL au capital de 1500 euros \u2013 Siret : 500 518 543 00029 3 Avenue Ren\u00e9 La\u00ebnnec72000 Le Mans Cr\u00e9ation site web : BtoCom 2. Conditions g\u00e9n\u00e9rales d\u2019utilisation du site et des services propos\u00e9s. Le Site constitue une \u0153uvre de l\u2019esprit prot\u00e9g\u00e9e par les dispositions du Code de la Propri\u00e9t\u00e9 Intellectuelle et des R\u00e9glementations Internationales applicables.Le Client ne peut en aucune mani\u00e8re r\u00e9utiliser, c\u00e9der ou exploiter pour son propre compte tout ou partie des \u00e9l\u00e9ments ou travaux du Site. L\u2019utilisation du site desmotspourunevie.fr implique l\u2019acceptation pleine et enti\u00e8re des conditions g\u00e9n\u00e9rales d\u2019utilisation ci-apr\u00e8s d\u00e9crites. Ces conditions d\u2019utilisation sont susceptibles d\u2019\u00eatre modifi\u00e9es ou compl\u00e9t\u00e9es \u00e0 tout moment, les utilisateurs du site desmotspourunevie.fr\u00a0sont donc invit\u00e9s \u00e0 les consulter de [&hellip;]","og_url":"https:\/\/www.desmotspourunevie.fr\/index.php\/mentions-legales\/","og_site_name":"Des mots pour une vie","article_modified_time":"2024-04-24T16:22:56+00:00","twitter_card":"summary_large_image","schema":{"@context":"https:\/\/schema.org","@graph":[{"@type":"WebPage","@id":"https:\/\/www.desmotspourunevie.fr\/index.php\/mentions-legales\/","url":"https:\/\/www.desmotspourunevie.fr\/index.php\/mentions-legales\/","name":"Mentions l\u00e9gales - Des mots pour une vie","isPartOf":{"@id":"https:\/\/www.desmotspourunevie.fr\/#website"},"datePublished":"2024-04-22T11:06:04+00:00","dateModified":"2024-04-24T16:22:56+00:00","breadcrumb":{"@id":"https:\/\/www.desmotspourunevie.fr\/index.php\/mentions-legales\/#breadcrumb"},"inLanguage":"fr-FR","potentialAction":[{"@type":"ReadAction","target":["https:\/\/www.desmotspourunevie.fr\/index.php\/mentions-legales\/"]}]},{"@type":"BreadcrumbList","@id":"https:\/\/www.desmotspourunevie.fr\/index.php\/mentions-legales\/#breadcrumb","itemListElement":[{"@type":"ListItem","position":1,"name":"Accueil","item":"https:\/\/www.desmotspourunevie.fr\/"},{"@type":"ListItem","position":2,"name":"Mentions l\u00e9gales"}]},{"@type":"WebSite","@id":"https:\/\/www.desmotspourunevie.fr\/#website","url":"https:\/\/www.desmotspourunevie.fr\/","name":"Des mots pour une vie","description":"Conf&eacute;renci&egrave;re - &Eacute;crivaine - Biographe","potentialAction":[{"@type":"SearchAction","target":{"@type":"EntryPoint","urlTemplate":"https:\/\/www.desmotspourunevie.fr\/?s={search_term_string}"},"query-input":{"@type":"PropertyValueSpecification","valueRequired":true,"valueName":"search_term_string"}}],"inLanguage":"fr-FR"}]}},"_links":{"self":[{"href":"https:\/\/www.desmotspourunevie.fr\/index.php\/wp-json\/wp\/v2\/pages\/391","targetHints":{"allow":["GET"]}}],"collection":[{"href":"https:\/\/www.desmotspourunevie.fr\/index.php\/wp-json\/wp\/v2\/pages"}],"about":[{"href":"https:\/\/www.desmotspourunevie.fr\/index.php\/wp-json\/wp\/v2\/types\/page"}],"author":[{"embeddable":true,"href":"https:\/\/www.desmotspourunevie.fr\/index.php\/wp-json\/wp\/v2\/users\/1"}],"replies":[{"embeddable":true,"href":"https:\/\/www.desmotspourunevie.fr\/index.php\/wp-json\/wp\/v2\/comments?post=391"}],"version-history":[{"count":5,"href":"https:\/\/www.desmotspourunevie.fr\/index.php\/wp-json\/wp\/v2\/pages\/391\/revisions"}],"predecessor-version":[{"id":404,"href":"https:\/\/www.desmotspourunevie.fr\/index.php\/wp-json\/wp\/v2\/pages\/391\/revisions\/404"}],"wp:attachment":[{"href":"https:\/\/www.desmotspourunevie.fr\/index.php\/wp-json\/wp\/v2\/media?parent=391"}],"curies":[{"name":"wp","href":"https:\/\/api.w.org\/{rel}","templated":true}]}}